{"id":65,"date":"2025-01-28T13:18:51","date_gmt":"2025-01-28T13:18:51","guid":{"rendered":"https:\/\/cleanemaja.xn--fa-wka.at\/?page_id=65"},"modified":"2025-04-09T06:34:37","modified_gmt":"2025-04-09T06:34:37","slug":"unser-leitbild","status":"publish","type":"page","link":"https:\/\/cleanemaja.xn--fa-wka.at\/?page_id=65","title":{"rendered":"Unser Leitbild"},"content":{"rendered":"\n<p>Bei der Cleanemaja GmbH stehen Nachhaltigkeit und Verantwortung im Mittelpunkt all unserer Aktivit\u00e4ten.<\/p>\n\n\n\n<p><strong>Unsere Mission<\/strong><br>Wir schaffen saubere und gesunde Umgebungen, indem wir auf umweltfreundliche Reinigungsmethoden und ressourcenschonende Prozesse setzen.<\/p>\n\n\n\n<p><strong>Unsere Vision<\/strong><br>Eine saubere Welt, in der Umweltschutz und Wohlbefinden Hand in Hand gehen.<\/p>\n\n\n\n<p><strong>Unsere Werte<\/strong><\/p>\n\n\n\n<ul class=\"wp-block-list\">\n<li><strong>Nachhaltigkeit:<\/strong> Wir nutzen umweltvertr\u00e4gliche Produkte und Technologien, um unseren \u00f6kologischen Fu\u00dfabdruck zu minimieren.<\/li>\n\n\n\n<li><strong>Innovation:<\/strong> Stetige Verbesserung und moderne L\u00f6sungen sind unser Weg zu mehr Effizienz und Umweltfreundlichkeit.<\/li>\n\n\n\n<li><strong>Verantwortung:<\/strong> Wir \u00fcbernehmen Verantwortung f\u00fcr unsere Mitarbeitenden, unsere Kunden und unsere Umwelt.<\/li>\n\n\n\n<li><strong>Transparenz:<\/strong> Offene Kommunikation und ehrliche Zusammenarbeit pr\u00e4gen unser Handeln.<\/li>\n<\/ul>\n\n\n\n<p><strong>Unser Versprechen<\/strong><br>Wir setzen uns f\u00fcr nachhaltiges Wirtschaften ein, indem wir sowohl \u00f6kologische als auch soziale Aspekte in unser Unternehmen integrieren. Gemeinsam gestalten wir eine sauberere und gr\u00fcnere Zukunft.<\/p>\n","protected":false},"excerpt":{"rendered":"<p>Bei der Cleanemaja GmbH stehen Nachhaltigkeit und Verantwortung im Mittelpunkt all unserer Aktivit\u00e4ten. Unsere MissionWir schaffen saubere und gesunde Umgebungen, indem wir auf umweltfreundliche Reinigungsmethoden und ressourcenschonende Prozesse setzen. Unsere VisionEine saubere Welt, in der Umweltschutz und Wohlbefinden Hand in Hand gehen. Unsere Werte Unser VersprechenWir setzen uns f\u00fcr nachhaltiges Wirtschaften ein, indem wir sowohl &hellip; <\/p>\n<p class=\"link-more\"><a href=\"https:\/\/cleanemaja.xn--fa-wka.at\/?page_id=65\" class=\"more-link\"><span class=\"screen-reader-text\">\u201eUnser Leitbild\u201c<\/span> weiterlesen<\/a><\/p>\n","protected":false},"author":1,"featured_media":0,"parent":0,"menu_order":0,"comment_status":"closed","ping_status":"closed","template":"","meta":{"footnotes":""},"class_list":["post-65","page","type-page","status-publish","hentry"],"_links":{"self":[{"href":"https:\/\/cleanemaja.xn--fa-wka.at\/index.php?rest_route=\/wp\/v2\/pages\/65","targetHints":{"allow":["GET"]}}],"collection":[{"href":"https:\/\/cleanemaja.xn--fa-wka.at\/index.php?rest_route=\/wp\/v2\/pages"}],"about":[{"href":"https:\/\/cleanemaja.xn--fa-wka.at\/index.php?rest_route=\/wp\/v2\/types\/page"}],"author":[{"embeddable":true,"href":"https:\/\/cleanemaja.xn--fa-wka.at\/index.php?rest_route=\/wp\/v2\/users\/1"}],"replies":[{"embeddable":true,"href":"https:\/\/cleanemaja.xn--fa-wka.at\/index.php?rest_route=%2Fwp%2Fv2%2Fcomments&post=65"}],"version-history":[{"count":2,"href":"https:\/\/cleanemaja.xn--fa-wka.at\/index.php?rest_route=\/wp\/v2\/pages\/65\/revisions"}],"predecessor-version":[{"id":93,"href":"https:\/\/cleanemaja.xn--fa-wka.at\/index.php?rest_route=\/wp\/v2\/pages\/65\/revisions\/93"}],"wp:attachment":[{"href":"https:\/\/cleanemaja.xn--fa-wka.at\/index.php?rest_route=%2Fwp%2Fv2%2Fmedia&parent=65"}],"curies":[{"name":"wp","href":"https:\/\/api.w.org\/{rel}","templated":true}]}}